{"id":115,"date":"2019-07-08T17:50:55","date_gmt":"2019-07-08T14:50:55","guid":{"rendered":"https:\/\/magazinfinanciar.md\/?page_id=115"},"modified":"2021-05-07T16:29:27","modified_gmt":"2021-05-07T13:29:27","slug":"serviciile-noastre","status":"publish","type":"page","link":"https:\/\/magazinfinanciar.md\/ru\/serviciile-noastre\/","title":{"rendered":"\u041d\u0430\u0448\u0438 \u0443\u0441\u043b\u0443\u0433\u0438"},"content":{"rendered":"<p>Compania MAGAZIN FINANCIAR SRL a fost fondat\u0103 \u00een anul 2003 ca rezultat al dezvolt\u0103rii intense a pie\u021bei de creditare. Pe parcursul anilor Compania a reu\u0219it s\u0103 demonstreze partenerilor s\u0103i corectitudine, rapiditate \u00een deservirea clien\u021bilor \u0219i numai servicii prestate calitativ.<\/p>\n<p>La moment MAGAZIN FINANCIAR de\u021bine 4 reprezentan\u021be, astfel ca s\u0103 poat\u0103 acoperi \u00eentreg teritoriul \u021b\u0103rii: Chi\u0219in\u0103u, B\u0103l\u021bi, Cahul, Ungheni.<\/p>\n<p>Am reu\u0219it s\u0103 stabilim rela\u021bii de colaborare cu majoritatea B\u0103ncilor Comerciale, Banca Na\u021bional\u0103, Companii de creditare, Leasing, Notari, Executori judec\u0103tore\u0219ti, Companii imobiliare.<\/p>\n<h3>DE CE NOI ?<\/h3>\n<p>1. Elabor\u0103m raportul de evaluare \u00een 24 ore.<br \/>\n2. Raportul de evaluare este acceptat de toate institu\u021biile de creditare.<br \/>\n3. Prest\u0103m servicii pe \u00eentreg teritoriul R. Moldova.<br \/>\n4. Punem accentul pe corectitudine, calitate \u0219i profesionalism.<br \/>\n5. Ne deplas\u0103m cu transport propriu la inspectarea obiectului.<\/p>\n","protected":false},"excerpt":{"rendered":"<p>Compania MAGAZIN FINANCIAR SRL a fost fondat\u0103 \u00een anul 2003 ca rezultat al dezvolt\u0103rii intense a pie\u021bei de creditare. Pe parcursul anilor Compania a reu\u0219it s\u0103 demonstreze partenerilor s\u0103i corectitudine, rapiditate \u00een deservirea clien\u021bilor \u0219i numai servicii prestate calitativ. La moment MAGAZIN FINANCIAR de\u021bine 4 reprezentan\u021be, astfel ca s\u0103 poat\u0103 acoperi \u00eentreg teritoriul \u021b\u0103rii: Chi\u0219in\u0103u, [&hellip;]<\/p>\n","protected":false},"author":2,"featured_media":0,"parent":0,"menu_order":0,"comment_status":"closed","ping_status":"closed","template":"uslugi.php","meta":[],"translation":{"provider":"WPGlobus","version":"2.12.2","language":"ru","enabled_languages":["ro","ru","en"],"languages":{"ro":{"title":true,"content":true,"excerpt":false},"ru":{"title":true,"content":false,"excerpt":false},"en":{"title":true,"content":false,"excerpt":false}}},"_links":{"self":[{"href":"https:\/\/magazinfinanciar.md\/ru\/wp-json\/wp\/v2\/pages\/115"}],"collection":[{"href":"https:\/\/magazinfinanciar.md\/ru\/wp-json\/wp\/v2\/pages"}],"about":[{"href":"https:\/\/magazinfinanciar.md\/ru\/wp-json\/wp\/v2\/types\/page"}],"author":[{"embeddable":true,"href":"https:\/\/magazinfinanciar.md\/ru\/wp-json\/wp\/v2\/users\/2"}],"replies":[{"embeddable":true,"href":"https:\/\/magazinfinanciar.md\/ru\/wp-json\/wp\/v2\/comments?post=115"}],"version-history":[{"count":2,"href":"https:\/\/magazinfinanciar.md\/ru\/wp-json\/wp\/v2\/pages\/115\/revisions"}],"predecessor-version":[{"id":309,"href":"https:\/\/magazinfinanciar.md\/ru\/wp-json\/wp\/v2\/pages\/115\/revisions\/309"}],"wp:attachment":[{"href":"https:\/\/magazinfinanciar.md\/ru\/wp-json\/wp\/v2\/media?parent=115"}],"curies":[{"name":"wp","href":"https:\/\/api.w.org\/{rel}","templated":true}]}}